{"id":5543,"date":"2025-06-02T11:13:40","date_gmt":"2025-06-02T11:13:40","guid":{"rendered":"https:\/\/tenutaluigina.com\/?page_id=5543"},"modified":"2025-11-13T15:53:07","modified_gmt":"2025-11-13T15:53:07","slug":"la-dama-bianca","status":"publish","type":"page","link":"https:\/\/tenutaluigina.com\/it\/la-dama-bianca\/","title":{"rendered":"La Dama Bianca"},"content":{"rendered":"<div data-elementor-type=\"wp-page\" data-elementor-id=\"5543\" class=\"elementor elementor-5543\">\n\t\t\t\t<div class=\"elementor-element elementor-element-4cc49e6 e-flex e-con-boxed e-con e-parent\" data-id=\"4cc49e6\" data-element_type=\"container\">\n\t\t\t\t\t<div class=\"e-con-inner\">\n\t\t\t\t<div class=\"elementor-element elementor-element-3de3c71 elementor-absolute elementor-widget elementor-widget-image\" data-id=\"3de3c71\" data-element_type=\"widget\" data-settings=\"{&quot;_position&quot;:&quot;absolute&quot;}\" data-widget_type=\"image.default\">\n\t\t\t\t<div class=\"elementor-widget-container\">\n\t\t\t\t\t\t\t\t\t\t\t\t\t\t\t<img fetchpriority=\"high\" decoding=\"async\" width=\"392\" height=\"711\" src=\"https:\/\/tenutaluigina.com\/wp-content\/uploads\/2024\/07\/team_vector-1.png\" class=\"attachment-full size-full wp-image-1002\" alt=\"\" srcset=\"https:\/\/tenutaluigina.com\/wp-content\/uploads\/2024\/07\/team_vector-1.png 392w, https:\/\/tenutaluigina.com\/wp-content\/uploads\/2024\/07\/team_vector-1-165x300.png 165w\" sizes=\"(max-width: 392px) 100vw, 392px\" \/>\t\t\t\t\t\t\t\t\t\t\t\t\t\t\t<\/div>\n\t\t\t\t<\/div>\n\t\t\t\t<div class=\"elementor-element elementor-element-ff065b0 elementor-widget__width-initial elementor-invisible elementor-widget elementor-widget-heading\" data-id=\"ff065b0\" data-element_type=\"widget\" data-settings=\"{&quot;_animation&quot;:&quot;opal-move-up&quot;}\" data-widget_type=\"heading.default\">\n\t\t\t\t<div class=\"elementor-widget-container\">\n\t\t\t\t\t<h3 class=\"elementor-heading-title elementor-size-default\">Una delicata danza di uve insolite, unite per creare un vino bianco di grazia e finezza.\nQui, la tradizione incontra l\u2019innovazione in ogni sorso aromatico.<\/h3>\t\t\t\t<\/div>\n\t\t\t\t<\/div>\n\t\t\t\t\t<\/div>\n\t\t\t\t<\/div>\n\t\t<div class=\"elementor-element elementor-element-f1f532a e-flex e-con-boxed e-con e-parent\" data-id=\"f1f532a\" data-element_type=\"container\">\n\t\t\t\t\t<div class=\"e-con-inner\">\n\t\t\t\t<div class=\"elementor-element elementor-element-39694de animated-fast elementor-invisible elementor-widget elementor-widget-heading\" data-id=\"39694de\" data-element_type=\"widget\" data-settings=\"{&quot;_animation&quot;:&quot;fadeInLeft&quot;}\" data-widget_type=\"heading.default\">\n\t\t\t\t<div class=\"elementor-widget-container\">\n\t\t\t\t\t<span class=\"elementor-heading-title elementor-size-default\">Scopri<\/span>\t\t\t\t<\/div>\n\t\t\t\t<\/div>\n\t\t\t\t<div class=\"elementor-element elementor-element-f7941e7 animated-fast elementor-invisible elementor-widget elementor-widget-heading\" data-id=\"f7941e7\" data-element_type=\"widget\" data-settings=\"{&quot;_animation&quot;:&quot;opal-move-up&quot;}\" data-widget_type=\"heading.default\">\n\t\t\t\t<div class=\"elementor-widget-container\">\n\t\t\t\t\t<h2 class=\"elementor-heading-title elementor-size-default\">La DAMA BIANCA<\/h2>\t\t\t\t<\/div>\n\t\t\t\t<\/div>\n\t\t\t\t<div class=\"elementor-element elementor-element-ceb2f20 animated-fast elementor-invisible elementor-widget elementor-widget-heading\" data-id=\"ceb2f20\" data-element_type=\"widget\" data-settings=\"{&quot;_animation&quot;:&quot;opal-move-left&quot;}\" data-widget_type=\"heading.default\">\n\t\t\t\t<div class=\"elementor-widget-container\">\n\t\t\t\t\t<span class=\"elementor-heading-title elementor-size-default\">fatti con passione<\/span>\t\t\t\t<\/div>\n\t\t\t\t<\/div>\n\t\t\t\t\t<\/div>\n\t\t\t\t<\/div>\n\t\t<div class=\"elementor-element elementor-element-0f53d6c e-flex e-con-boxed e-con e-parent\" data-id=\"0f53d6c\" data-element_type=\"container\">\n\t\t\t\t\t<div class=\"e-con-inner\">\n\t\t<div class=\"elementor-element elementor-element-a7742f6 e-con-full e-flex e-con e-child\" data-id=\"a7742f6\" data-element_type=\"container\">\n\t\t<div class=\"elementor-element elementor-element-7424539 e-grid e-con-full e-con e-child\" data-id=\"7424539\" data-element_type=\"container\">\n\t\t\t\t<div class=\"elementor-element elementor-element-83dadea elementor-widget elementor-widget-image\" data-id=\"83dadea\" data-element_type=\"widget\" data-widget_type=\"image.default\">\n\t\t\t\t<div class=\"elementor-widget-container\">\n\t\t\t\t\t\t\t\t\t\t\t\t\t\t\t<img decoding=\"async\" width=\"275\" height=\"1024\" src=\"https:\/\/tenutaluigina.com\/wp-content\/uploads\/2025\/05\/La-Dama-Bianca-min-2-275x1024.png\" class=\"attachment-large size-large wp-image-4557\" alt=\"\" srcset=\"https:\/\/tenutaluigina.com\/wp-content\/uploads\/2025\/05\/La-Dama-Bianca-min-2-275x1024.png 275w, https:\/\/tenutaluigina.com\/wp-content\/uploads\/2025\/05\/La-Dama-Bianca-min-2.png 369w\" sizes=\"(max-width: 275px) 100vw, 275px\" \/>\t\t\t\t\t\t\t\t\t\t\t\t\t\t\t<\/div>\n\t\t\t\t<\/div>\n\t\t\t\t<div class=\"elementor-element elementor-element-0bfee5f elementor-widget elementor-widget-text-editor\" data-id=\"0bfee5f\" data-element_type=\"widget\" data-widget_type=\"text-editor.default\">\n\t\t\t\t<div class=\"elementor-widget-container\">\n\t\t\t\t\t\t\t\t\t<div>\n<div><span style=\"color: #000000; font-family: Gambarino, HelveticaNeue-Light, 'Helvetica Neue Light', 'Helvetica Neue', Helvetica, Arial, 'Lucida Grande', sans-serif; font-size: 40px;\">&nbsp;<\/span><\/div>\n<div><span style=\"color: #000000; font-family: Gambarino, HelveticaNeue-Light, 'Helvetica Neue Light', 'Helvetica Neue', Helvetica, Arial, 'Lucida Grande', sans-serif; font-size: 40px;\">&nbsp;<\/span><\/div>\n<div><span style=\"color: #000000; font-family: Gambarino, HelveticaNeue-Light, 'Helvetica Neue Light', 'Helvetica Neue', Helvetica, Arial, 'Lucida Grande', sans-serif; font-size: 40px;\">&nbsp;<\/span><\/div>\n<div><span style=\"color: #000000; font-family: Gambarino, HelveticaNeue-Light, 'Helvetica Neue Light', 'Helvetica Neue', Helvetica, Arial, 'Lucida Grande', sans-serif; font-size: 40px;\">&nbsp;<\/span><\/div>\n<div><span style=\"color: #000000; font-family: Gambarino, HelveticaNeue-Light, 'Helvetica Neue Light', 'Helvetica Neue', Helvetica, Arial, 'Lucida Grande', sans-serif; font-size: 40px;\">La Dama Bianca&nbsp;<\/span><span style=\"font-weight: 600;\" data-start=\"216\" data-end=\"228\">&nbsp;<\/span><\/div>\n<p data-start=\"216\" data-end=\"274\"><span style=\"font-weight: 600;\" data-start=\"216\" data-end=\"228\">&nbsp;<\/span><\/p>\n<p data-start=\"216\" data-end=\"274\"><span style=\"font-weight: 600;\" data-start=\"216\" data-end=\"228\">Variet\u00e0 di uve:&nbsp;<\/span>Merlot; Viogner &amp; Johanniter&nbsp; &nbsp; &nbsp; &nbsp; &nbsp; &nbsp; &nbsp; &nbsp; &nbsp; &nbsp; &nbsp; &nbsp; &nbsp; &nbsp; &nbsp; &nbsp; &nbsp; &nbsp; &nbsp; &nbsp; &nbsp; &nbsp; &nbsp; &nbsp; &nbsp; &nbsp; &nbsp; &nbsp; &nbsp; &nbsp; &nbsp; &nbsp; &nbsp;<\/p>\n<p data-start=\"216\" data-end=\"274\"><span style=\"font-weight: 600;\" data-start=\"216\" data-end=\"228\">Alcohol:<\/span>&nbsp;12.5%<\/p>\n<p data-start=\"216\" data-end=\"274\"><span style=\"font-weight: 600;\" data-start=\"237\" data-end=\"247\">Affinamento:<\/span>&nbsp;Fermentato in barrique di rovere&nbsp;<\/p>\n<p data-start=\"216\" data-end=\"274\">\n<\/p><\/div>\n<p data-start=\"149\" data-end=\"192\"><strong data-start=\"149\" data-end=\"192\">Non convenzionale. Armonioso. Espressivo.<\/strong><\/p><p data-start=\"194\" data-end=\"655\"><span data-start=\"194\" data-end=\"212\" style=\"\">La Dama Bianca<\/span> \u00e8 un vino bianco distintivo, nato da un incontro inaspettato ma perfettamente equilibrato di <span data-start=\"297\" data-end=\"345\" style=\"\">Merlot, Viognier e Johanniter<\/span>.<br data-start=\"346\" data-end=\"349\">\nTutte le uve vengono <span data-start=\"364\" data-end=\"382\" style=\"\">raccolte a mano<\/span>, then gently destemmed and pressed. Fermentation\u2014both alcoholic and malolactic\u2014takes place in <span data-start=\"477\" data-end=\"501\" style=\"\">vasche di acciaio inox<\/span> per preservare purezza e freschezza.<br data-start=\"535\" data-end=\"538\">\nPer aggiungere rotondit\u00e0 e complessit\u00e0, il vino \u00e8 fermentato in <span data-start=\"604\" data-end=\"621\" style=\"\">barrique di rovere<\/span>, che conferiscono una trama morbida ed elegante.<\/p><p data-start=\"657\" data-end=\"915\">Nel bicchiere si presenta di un <span data-start=\"684\" data-end=\"705\">tenue giallo paglierino<\/span> e offre un <span data-start=\"725\" data-end=\"787\">bouquet raffinato di fiori bianchi e sottili note aromatiche<\/span>. Al palato \u00e8 <span data-start=\"812\" data-end=\"849\">morbido, sapido e ben equilibrato<\/span>, con una vivace acidit\u00e0 che dona profondit\u00e0 e un finale lungo e fresco.<\/p><p data-start=\"214\" data-end=\"251\">\n\n\n<\/p><p data-start=\"917\" data-end=\"1022\">A graceful and intriguing wine\u2014<span data-start=\"948\" data-end=\"966\" style=\"\">La Dama Bianca<\/span> \u00e8 l\u2019anima quieta della nostra vigna, reinventata in bianco.<\/p>\n<h3 data-start=\"148\" data-end=\"215\">&nbsp;<\/h3>\n<h3 data-start=\"148\" data-end=\"215\">&nbsp;<\/h3>\n<div>&nbsp;<\/div>\t\t\t\t\t\t\t\t<\/div>\n\t\t\t\t<\/div>\n\t\t\t\t<\/div>\n\t\t\t\t<\/div>\n\t\t\t\t\t<\/div>\n\t\t\t\t<\/div>\n\t\t<div class=\"elementor-element elementor-element-748c167 e-flex e-con-boxed e-con e-parent\" data-id=\"748c167\" data-element_type=\"container\">\n\t\t\t\t\t<div class=\"e-con-inner\">\n\t\t\t\t<div class=\"elementor-element elementor-element-de25a22 animated-fast elementor-invisible elementor-widget elementor-widget-heading\" data-id=\"de25a22\" data-element_type=\"widget\" data-settings=\"{&quot;_animation&quot;:&quot;fadeInLeft&quot;}\" data-widget_type=\"heading.default\">\n\t\t\t\t<div class=\"elementor-widget-container\">\n\t\t\t\t\t<span class=\"elementor-heading-title elementor-size-default\">ETTORE RACCONTA<\/span>\t\t\t\t<\/div>\n\t\t\t\t<\/div>\n\t\t\t\t<div class=\"elementor-element elementor-element-e0c0fc9 animated-fast elementor-invisible elementor-widget elementor-widget-heading\" data-id=\"e0c0fc9\" data-element_type=\"widget\" data-settings=\"{&quot;_animation&quot;:&quot;opal-move-up&quot;}\" data-widget_type=\"heading.default\">\n\t\t\t\t<div class=\"elementor-widget-container\">\n\t\t\t\t\t<h2 class=\"elementor-heading-title elementor-size-default\">I NOSTRI VINI BIANCHI<\/h2>\t\t\t\t<\/div>\n\t\t\t\t<\/div>\n\t\t\t\t<div class=\"elementor-element elementor-element-fd72778 animated-fast elementor-invisible elementor-widget elementor-widget-heading\" data-id=\"fd72778\" data-element_type=\"widget\" data-settings=\"{&quot;_animation&quot;:&quot;opal-move-left&quot;}\" data-widget_type=\"heading.default\">\n\t\t\t\t<div class=\"elementor-widget-container\">\n\t\t\t\t\t<span class=\"elementor-heading-title elementor-size-default\">fatti con passione<\/span>\t\t\t\t<\/div>\n\t\t\t\t<\/div>\n\t\t\t\t\t<\/div>\n\t\t\t\t<\/div>\n\t\t<div class=\"elementor-element elementor-element-5747c83 e-flex e-con-boxed e-con e-parent\" data-id=\"5747c83\" data-element_type=\"container\">\n\t\t\t\t\t<div class=\"e-con-inner\">\n\t\t\t\t<div class=\"elementor-element elementor-element-8e88afc elementor-widget elementor-widget-video\" data-id=\"8e88afc\" data-element_type=\"widget\" data-settings=\"{&quot;video_type&quot;:&quot;hosted&quot;,&quot;controls&quot;:&quot;yes&quot;}\" data-widget_type=\"video.default\">\n\t\t\t\t<div class=\"elementor-widget-container\">\n\t\t\t\t\t\t\t<div class=\"e-hosted-video elementor-wrapper elementor-open-inline\">\n\t\t\t\t\t<video class=\"elementor-video\" src=\"https:\/\/tenutaluigina.com\/wp-content\/uploads\/2025\/10\/INTERVISTE_VINI-BIANCHI_16_9_V2.mp4\" controls=\"\" preload=\"metadata\" controlslist=\"nodownload\" poster=\"https:\/\/tenutaluigina.com\/wp-content\/uploads\/2025\/05\/DSC00184.jpg\"><\/video>\n\t\t\t\t<\/div>\n\t\t\t\t\t\t<\/div>\n\t\t\t\t<\/div>\n\t\t\t\t\t<\/div>\n\t\t\t\t<\/div>\n\t\t<div class=\"elementor-element elementor-element-ef6135c e-flex e-con-boxed e-con e-parent\" data-id=\"ef6135c\" data-element_type=\"container\">\n\t\t\t\t\t<div class=\"e-con-inner\">\n\t\t\t\t<div class=\"elementor-element elementor-element-199d735 elementor-widget elementor-widget-spacer\" data-id=\"199d735\" data-element_type=\"widget\" data-widget_type=\"spacer.default\">\n\t\t\t\t<div class=\"elementor-widget-container\">\n\t\t\t\t\t\t\t<div class=\"elementor-spacer\">\n\t\t\t<div class=\"elementor-spacer-inner\"><\/div>\n\t\t<\/div>\n\t\t\t\t\t\t<\/div>\n\t\t\t\t<\/div>\n\t\t\t\t\t<\/div>\n\t\t\t\t<\/div>\n\t\t\t\t<\/div>","protected":false},"excerpt":{"rendered":"<p>A delicate dance of uncommon grapes, united to create a white wine of grace and subtlety. Here, tradition meets innovation in every aromatic sip. discover La DAMA BIANCA made with passion &nbsp; &nbsp; &nbsp; &nbsp; La Dama Bianca&nbsp;&nbsp; &nbsp; Grape Varieties:&nbsp;Merlot; Viogner &amp; Johanniter&nbsp; &nbsp; &nbsp; &nbsp; &nbsp; &nbsp; &nbsp; &nbsp; &nbsp; &nbsp; &nbsp; &nbsp; [&hellip;]<\/p>","protected":false},"author":1,"featured_media":0,"parent":0,"menu_order":0,"comment_status":"closed","ping_status":"closed","template":"template-homepage.php","meta":{"footnotes":""},"class_list":["post-5543","page","type-page","status-publish","hentry"],"yoast_head":"<!-- This site is optimized with the Yoast SEO plugin v26.2 - https:\/\/yoast.com\/wordpress\/plugins\/seo\/ -->\n<title>La Dama Bianca - Tenuta Luigina<\/title>\n<meta name=\"description\" content=\"La Dama Bianca is a distinctive white wine born from an unexpected yet perfectly balanced blend of Merlot, Viognier and Johanniter.\" \/>\n<meta name=\"robots\" content=\"index, follow, max-snippet:-1, max-image-preview:large, max-video-preview:-1\" \/>\n<link rel=\"canonical\" href=\"https:\/\/tenutaluigina.com\/it\/la-dama-bianca\/\" \/>\n<meta property=\"og:locale\" content=\"it_IT\" \/>\n<meta property=\"og:type\" content=\"article\" \/>\n<meta property=\"og:title\" content=\"La Dama Bianca - Tenuta Luigina\" \/>\n<meta property=\"og:description\" content=\"La Dama Bianca is a distinctive white wine born from an unexpected yet perfectly balanced blend of Merlot, Viognier and Johanniter.\" \/>\n<meta property=\"og:url\" content=\"https:\/\/tenutaluigina.com\/it\/la-dama-bianca\/\" \/>\n<meta property=\"og:site_name\" content=\"TenutaLuigina.com\" \/>\n<meta property=\"article:modified_time\" content=\"2025-11-13T15:53:07+00:00\" \/>\n<meta property=\"og:image\" content=\"https:\/\/tenutaluigina.com\/wp-content\/uploads\/2024\/07\/team_vector-1.png\" \/>\n<meta name=\"twitter:card\" content=\"summary_large_image\" \/>\n<meta name=\"twitter:label1\" content=\"Tempo di lettura stimato\" \/>\n\t<meta name=\"twitter:data1\" content=\"2 minuti\" \/>\n<script type=\"application\/ld+json\" class=\"yoast-schema-graph\">{\"@context\":\"https:\/\/schema.org\",\"@graph\":[{\"@type\":\"WebPage\",\"@id\":\"https:\/\/tenutaluigina.com\/la-dama-bianca\/\",\"url\":\"https:\/\/tenutaluigina.com\/la-dama-bianca\/\",\"name\":\"La Dama Bianca - Tenuta Luigina\",\"isPartOf\":{\"@id\":\"https:\/\/tenutaluigina.com\/#website\"},\"primaryImageOfPage\":{\"@id\":\"https:\/\/tenutaluigina.com\/la-dama-bianca\/#primaryimage\"},\"image\":{\"@id\":\"https:\/\/tenutaluigina.com\/la-dama-bianca\/#primaryimage\"},\"thumbnailUrl\":\"https:\/\/tenutaluigina.com\/wp-content\/uploads\/2024\/07\/team_vector-1.png\",\"datePublished\":\"2025-06-02T11:13:40+00:00\",\"dateModified\":\"2025-11-13T15:53:07+00:00\",\"description\":\"La Dama Bianca is a distinctive white wine born from an unexpected yet perfectly balanced blend of Merlot, Viognier and Johanniter.\",\"breadcrumb\":{\"@id\":\"https:\/\/tenutaluigina.com\/la-dama-bianca\/#breadcrumb\"},\"inLanguage\":\"it-IT\",\"potentialAction\":[{\"@type\":\"ReadAction\",\"target\":[\"https:\/\/tenutaluigina.com\/la-dama-bianca\/\"]}]},{\"@type\":\"ImageObject\",\"inLanguage\":\"it-IT\",\"@id\":\"https:\/\/tenutaluigina.com\/la-dama-bianca\/#primaryimage\",\"url\":\"https:\/\/tenutaluigina.com\/wp-content\/uploads\/2024\/07\/team_vector-1.png\",\"contentUrl\":\"https:\/\/tenutaluigina.com\/wp-content\/uploads\/2024\/07\/team_vector-1.png\"},{\"@type\":\"BreadcrumbList\",\"@id\":\"https:\/\/tenutaluigina.com\/la-dama-bianca\/#breadcrumb\",\"itemListElement\":[{\"@type\":\"ListItem\",\"position\":1,\"name\":\"Home\",\"item\":\"https:\/\/tenutaluigina.com\/\"},{\"@type\":\"ListItem\",\"position\":2,\"name\":\"La Dama Bianca\"}]},{\"@type\":\"WebSite\",\"@id\":\"https:\/\/tenutaluigina.com\/#website\",\"url\":\"https:\/\/tenutaluigina.com\/\",\"name\":\"TenutaLuigina.com\",\"description\":\"Tenuta Agricola Luigina\",\"publisher\":{\"@id\":\"https:\/\/tenutaluigina.com\/#organization\"},\"potentialAction\":[{\"@type\":\"SearchAction\",\"target\":{\"@type\":\"EntryPoint\",\"urlTemplate\":\"https:\/\/tenutaluigina.com\/?s={search_term_string}\"},\"query-input\":{\"@type\":\"PropertyValueSpecification\",\"valueRequired\":true,\"valueName\":\"search_term_string\"}}],\"inLanguage\":\"it-IT\"},{\"@type\":\"Organization\",\"@id\":\"https:\/\/tenutaluigina.com\/#organization\",\"name\":\"TenutaLuigina.com\",\"url\":\"https:\/\/tenutaluigina.com\/\",\"logo\":{\"@type\":\"ImageObject\",\"inLanguage\":\"it-IT\",\"@id\":\"https:\/\/tenutaluigina.com\/#\/schema\/logo\/image\/\",\"url\":\"https:\/\/tenutaluigina.com\/wp-content\/uploads\/2025\/05\/Asset-1@4x-scaled.png\",\"contentUrl\":\"https:\/\/tenutaluigina.com\/wp-content\/uploads\/2025\/05\/Asset-1@4x-scaled.png\",\"width\":2560,\"height\":560,\"caption\":\"TenutaLuigina.com\"},\"image\":{\"@id\":\"https:\/\/tenutaluigina.com\/#\/schema\/logo\/image\/\"},\"sameAs\":[\"https:\/\/instagram\/tenutaluigina\"]}]}<\/script>\n<!-- \/ Yoast SEO plugin. -->","yoast_head_json":{"title":"La Dama Bianca - Tenuta Luigina","description":"La Dama Bianca is a distinctive white wine born from an unexpected yet perfectly balanced blend of Merlot, Viognier and Johanniter.","robots":{"index":"index","follow":"follow","max-snippet":"max-snippet:-1","max-image-preview":"max-image-preview:large","max-video-preview":"max-video-preview:-1"},"canonical":"https:\/\/tenutaluigina.com\/it\/la-dama-bianca\/","og_locale":"it_IT","og_type":"article","og_title":"La Dama Bianca - Tenuta Luigina","og_description":"La Dama Bianca is a distinctive white wine born from an unexpected yet perfectly balanced blend of Merlot, Viognier and Johanniter.","og_url":"https:\/\/tenutaluigina.com\/it\/la-dama-bianca\/","og_site_name":"TenutaLuigina.com","article_modified_time":"2025-11-13T15:53:07+00:00","og_image":[{"url":"https:\/\/tenutaluigina.com\/wp-content\/uploads\/2024\/07\/team_vector-1.png","type":"","width":"","height":""}],"twitter_card":"summary_large_image","twitter_misc":{"Tempo di lettura stimato":"2 minuti"},"schema":{"@context":"https:\/\/schema.org","@graph":[{"@type":"WebPage","@id":"https:\/\/tenutaluigina.com\/la-dama-bianca\/","url":"https:\/\/tenutaluigina.com\/la-dama-bianca\/","name":"La Dama Bianca - Tenuta Luigina","isPartOf":{"@id":"https:\/\/tenutaluigina.com\/#website"},"primaryImageOfPage":{"@id":"https:\/\/tenutaluigina.com\/la-dama-bianca\/#primaryimage"},"image":{"@id":"https:\/\/tenutaluigina.com\/la-dama-bianca\/#primaryimage"},"thumbnailUrl":"https:\/\/tenutaluigina.com\/wp-content\/uploads\/2024\/07\/team_vector-1.png","datePublished":"2025-06-02T11:13:40+00:00","dateModified":"2025-11-13T15:53:07+00:00","description":"La Dama Bianca is a distinctive white wine born from an unexpected yet perfectly balanced blend of Merlot, Viognier and Johanniter.","breadcrumb":{"@id":"https:\/\/tenutaluigina.com\/la-dama-bianca\/#breadcrumb"},"inLanguage":"it-IT","potentialAction":[{"@type":"ReadAction","target":["https:\/\/tenutaluigina.com\/la-dama-bianca\/"]}]},{"@type":"ImageObject","inLanguage":"it-IT","@id":"https:\/\/tenutaluigina.com\/la-dama-bianca\/#primaryimage","url":"https:\/\/tenutaluigina.com\/wp-content\/uploads\/2024\/07\/team_vector-1.png","contentUrl":"https:\/\/tenutaluigina.com\/wp-content\/uploads\/2024\/07\/team_vector-1.png"},{"@type":"BreadcrumbList","@id":"https:\/\/tenutaluigina.com\/la-dama-bianca\/#breadcrumb","itemListElement":[{"@type":"ListItem","position":1,"name":"Home","item":"https:\/\/tenutaluigina.com\/"},{"@type":"ListItem","position":2,"name":"La Dama Bianca"}]},{"@type":"WebSite","@id":"https:\/\/tenutaluigina.com\/#website","url":"https:\/\/tenutaluigina.com\/","name":"TenutaLuigina.com","description":"Tenuta Agricola Luigina","publisher":{"@id":"https:\/\/tenutaluigina.com\/#organization"},"potentialAction":[{"@type":"SearchAction","target":{"@type":"EntryPoint","urlTemplate":"https:\/\/tenutaluigina.com\/?s={search_term_string}"},"query-input":{"@type":"PropertyValueSpecification","valueRequired":true,"valueName":"search_term_string"}}],"inLanguage":"it-IT"},{"@type":"Organization","@id":"https:\/\/tenutaluigina.com\/#organization","name":"TenutaLuigina.com","url":"https:\/\/tenutaluigina.com\/","logo":{"@type":"ImageObject","inLanguage":"it-IT","@id":"https:\/\/tenutaluigina.com\/#\/schema\/logo\/image\/","url":"https:\/\/tenutaluigina.com\/wp-content\/uploads\/2025\/05\/Asset-1@4x-scaled.png","contentUrl":"https:\/\/tenutaluigina.com\/wp-content\/uploads\/2025\/05\/Asset-1@4x-scaled.png","width":2560,"height":560,"caption":"TenutaLuigina.com"},"image":{"@id":"https:\/\/tenutaluigina.com\/#\/schema\/logo\/image\/"},"sameAs":["https:\/\/instagram\/tenutaluigina"]}]}},"_links":{"self":[{"href":"https:\/\/tenutaluigina.com\/it\/wp-json\/wp\/v2\/pages\/5543","targetHints":{"allow":["GET"]}}],"collection":[{"href":"https:\/\/tenutaluigina.com\/it\/wp-json\/wp\/v2\/pages"}],"about":[{"href":"https:\/\/tenutaluigina.com\/it\/wp-json\/wp\/v2\/types\/page"}],"author":[{"embeddable":true,"href":"https:\/\/tenutaluigina.com\/it\/wp-json\/wp\/v2\/users\/1"}],"replies":[{"embeddable":true,"href":"https:\/\/tenutaluigina.com\/it\/wp-json\/wp\/v2\/comments?post=5543"}],"version-history":[{"count":49,"href":"https:\/\/tenutaluigina.com\/it\/wp-json\/wp\/v2\/pages\/5543\/revisions"}],"predecessor-version":[{"id":6205,"href":"https:\/\/tenutaluigina.com\/it\/wp-json\/wp\/v2\/pages\/5543\/revisions\/6205"}],"wp:attachment":[{"href":"https:\/\/tenutaluigina.com\/it\/wp-json\/wp\/v2\/media?parent=5543"}],"curies":[{"name":"wp","href":"https:\/\/api.w.org\/{rel}","templated":true}]}}